{"id":11688,"date":"2025-04-17T12:50:06","date_gmt":"2025-04-17T10:50:06","guid":{"rendered":"https:\/\/gemino.de\/?page_id=11688"},"modified":"2025-09-08T16:27:14","modified_gmt":"2025-09-08T14:27:14","slug":"ai-artificial-intelligence","status":"publish","type":"page","link":"https:\/\/gemino.de\/en\/ai-artificial-intelligence\/","title":{"rendered":"AI | Artificial intelligence in translation and co."},"content":{"rendered":"","protected":false},"excerpt":{"rendered":"","protected":false},"author":1,"featured_media":0,"parent":0,"menu_order":27,"comment_status":"closed","ping_status":"closed","template":"","meta":{"_acf_changed":false,"footnotes":""},"class_list":["post-11688","page","type-page","status-publish","hentry"],"acf":[],"yoast_head":"<!-- This site is optimized with the Yoast SEO plugin v27.5 - https:\/\/yoast.com\/product\/yoast-seo-wordpress\/ -->\r\n<title>AI | Artificial intelligence in translation and co. - Gemino, Language Services &amp; Solutions<\/title>\r\n<meta name=\"description\" content=\"Gemino bietet die Durchf\u00fchrung von Qualit\u00e4ts-Marketing-\u00dcbersetzungen inklusive Transcreation und Beratung zu dynamischen Workflows.\" \/>\r\n<meta name=\"robots\" content=\"index, follow, max-snippet:-1, max-image-preview:large, max-video-preview:-1\" \/>\r\n<link rel=\"canonical\" href=\"https:\/\/gemino.de\/en\/ai-artificial-intelligence\/\" \/>\r\n<meta property=\"og:locale\" content=\"en_US\" \/>\r\n<meta property=\"og:type\" content=\"article\" \/>\r\n<meta property=\"og:title\" content=\"AI | Artificial intelligence in translation and co. - Gemino, Language Services &amp; Solutions\" \/>\r\n<meta property=\"og:description\" content=\"Gemino bietet die Durchf\u00fchrung von Qualit\u00e4ts-Marketing-\u00dcbersetzungen inklusive Transcreation und Beratung zu dynamischen Workflows.\" \/>\r\n<meta property=\"og:url\" content=\"https:\/\/gemino.de\/en\/ai-artificial-intelligence\/\" \/>\r\n<meta property=\"og:site_name\" content=\"Gemino, Language Services &amp; Solutions\" \/>\r\n<meta property=\"article:modified_time\" content=\"2025-09-08T14:27:14+00:00\" \/>\r\n<meta name=\"twitter:card\" content=\"summary_large_image\" \/>\r\n<script type=\"application\/ld+json\" class=\"yoast-schema-graph\">{\"@context\":\"https:\\\/\\\/schema.org\",\"@graph\":[{\"@type\":\"WebPage\",\"@id\":\"https:\\\/\\\/gemino.de\\\/en\\\/ai-artificial-intelligence\\\/\",\"url\":\"https:\\\/\\\/gemino.de\\\/en\\\/ai-artificial-intelligence\\\/\",\"name\":\"AI | Artificial intelligence in translation and co. - Gemino, Language Services &amp; Solutions\",\"isPartOf\":{\"@id\":\"https:\\\/\\\/gemino.de\\\/en\\\/#website\"},\"datePublished\":\"2025-04-17T10:50:06+00:00\",\"dateModified\":\"2025-09-08T14:27:14+00:00\",\"description\":\"Gemino bietet die Durchf\u00fchrung von Qualit\u00e4ts-Marketing-\u00dcbersetzungen inklusive Transcreation und Beratung zu dynamischen Workflows.\",\"breadcrumb\":{\"@id\":\"https:\\\/\\\/gemino.de\\\/en\\\/ai-artificial-intelligence\\\/#breadcrumb\"},\"inLanguage\":\"en-US\",\"potentialAction\":[{\"@type\":\"ReadAction\",\"target\":[\"https:\\\/\\\/gemino.de\\\/en\\\/ai-artificial-intelligence\\\/\"]}]},{\"@type\":\"BreadcrumbList\",\"@id\":\"https:\\\/\\\/gemino.de\\\/en\\\/ai-artificial-intelligence\\\/#breadcrumb\",\"itemListElement\":[{\"@type\":\"ListItem\",\"position\":1,\"name\":\"Startseite\",\"item\":\"https:\\\/\\\/gemino.de\\\/en\\\/\"},{\"@type\":\"ListItem\",\"position\":2,\"name\":\"AI | Artificial intelligence in translation and co.\"}]},{\"@type\":\"WebSite\",\"@id\":\"https:\\\/\\\/gemino.de\\\/en\\\/#website\",\"url\":\"https:\\\/\\\/gemino.de\\\/en\\\/\",\"name\":\"Gemino, Language Services &amp; Solutions\",\"description\":\"Language Services &amp; Solutions\",\"publisher\":{\"@id\":\"https:\\\/\\\/gemino.de\\\/en\\\/#organization\"},\"potentialAction\":[{\"@type\":\"SearchAction\",\"target\":{\"@type\":\"EntryPoint\",\"urlTemplate\":\"https:\\\/\\\/gemino.de\\\/en\\\/?s={search_term_string}\"},\"query-input\":{\"@type\":\"PropertyValueSpecification\",\"valueRequired\":true,\"valueName\":\"search_term_string\"}}],\"inLanguage\":\"en-US\"},{\"@type\":\"Organization\",\"@id\":\"https:\\\/\\\/gemino.de\\\/en\\\/#organization\",\"name\":\"Gemino, Language Services & Solutions\",\"url\":\"https:\\\/\\\/gemino.de\\\/en\\\/\",\"logo\":{\"@type\":\"ImageObject\",\"inLanguage\":\"en-US\",\"@id\":\"https:\\\/\\\/gemino.de\\\/en\\\/#\\\/schema\\\/logo\\\/image\\\/\",\"url\":\"https:\\\/\\\/multikontrast.de\\\/gemino\\\/wp-content\\\/uploads\\\/2015\\\/03\\\/Gemino_Logo_Claim_horizontal_BER_rgb1.png\",\"contentUrl\":\"https:\\\/\\\/multikontrast.de\\\/gemino\\\/wp-content\\\/uploads\\\/2015\\\/03\\\/Gemino_Logo_Claim_horizontal_BER_rgb1.png\",\"width\":740,\"height\":53,\"caption\":\"Gemino, Language Services & Solutions\"},\"image\":{\"@id\":\"https:\\\/\\\/gemino.de\\\/en\\\/#\\\/schema\\\/logo\\\/image\\\/\"}}]}<\/script>\r\n<!-- \/ Yoast SEO plugin. -->","yoast_head_json":{"title":"AI | Artificial intelligence in translation and co. - Gemino, Language Services &amp; Solutions","description":"Gemino bietet die Durchf\u00fchrung von Qualit\u00e4ts-Marketing-\u00dcbersetzungen inklusive Transcreation und Beratung zu dynamischen Workflows.","robots":{"index":"index","follow":"follow","max-snippet":"max-snippet:-1","max-image-preview":"max-image-preview:large","max-video-preview":"max-video-preview:-1"},"canonical":"https:\/\/gemino.de\/en\/ai-artificial-intelligence\/","og_locale":"en_US","og_type":"article","og_title":"AI | Artificial intelligence in translation and co. - Gemino, Language Services &amp; Solutions","og_description":"Gemino bietet die Durchf\u00fchrung von Qualit\u00e4ts-Marketing-\u00dcbersetzungen inklusive Transcreation und Beratung zu dynamischen Workflows.","og_url":"https:\/\/gemino.de\/en\/ai-artificial-intelligence\/","og_site_name":"Gemino, Language Services &amp; Solutions","article_modified_time":"2025-09-08T14:27:14+00:00","twitter_card":"summary_large_image","schema":{"@context":"https:\/\/schema.org","@graph":[{"@type":"WebPage","@id":"https:\/\/gemino.de\/en\/ai-artificial-intelligence\/","url":"https:\/\/gemino.de\/en\/ai-artificial-intelligence\/","name":"AI | Artificial intelligence in translation and co. - Gemino, Language Services &amp; Solutions","isPartOf":{"@id":"https:\/\/gemino.de\/en\/#website"},"datePublished":"2025-04-17T10:50:06+00:00","dateModified":"2025-09-08T14:27:14+00:00","description":"Gemino bietet die Durchf\u00fchrung von Qualit\u00e4ts-Marketing-\u00dcbersetzungen inklusive Transcreation und Beratung zu dynamischen Workflows.","breadcrumb":{"@id":"https:\/\/gemino.de\/en\/ai-artificial-intelligence\/#breadcrumb"},"inLanguage":"en-US","potentialAction":[{"@type":"ReadAction","target":["https:\/\/gemino.de\/en\/ai-artificial-intelligence\/"]}]},{"@type":"BreadcrumbList","@id":"https:\/\/gemino.de\/en\/ai-artificial-intelligence\/#breadcrumb","itemListElement":[{"@type":"ListItem","position":1,"name":"Startseite","item":"https:\/\/gemino.de\/en\/"},{"@type":"ListItem","position":2,"name":"AI | Artificial intelligence in translation and co."}]},{"@type":"WebSite","@id":"https:\/\/gemino.de\/en\/#website","url":"https:\/\/gemino.de\/en\/","name":"Gemino, Language Services &amp; Solutions","description":"Language Services &amp; Solutions","publisher":{"@id":"https:\/\/gemino.de\/en\/#organization"},"potentialAction":[{"@type":"SearchAction","target":{"@type":"EntryPoint","urlTemplate":"https:\/\/gemino.de\/en\/?s={search_term_string}"},"query-input":{"@type":"PropertyValueSpecification","valueRequired":true,"valueName":"search_term_string"}}],"inLanguage":"en-US"},{"@type":"Organization","@id":"https:\/\/gemino.de\/en\/#organization","name":"Gemino, Language Services & Solutions","url":"https:\/\/gemino.de\/en\/","logo":{"@type":"ImageObject","inLanguage":"en-US","@id":"https:\/\/gemino.de\/en\/#\/schema\/logo\/image\/","url":"https:\/\/multikontrast.de\/gemino\/wp-content\/uploads\/2015\/03\/Gemino_Logo_Claim_horizontal_BER_rgb1.png","contentUrl":"https:\/\/multikontrast.de\/gemino\/wp-content\/uploads\/2015\/03\/Gemino_Logo_Claim_horizontal_BER_rgb1.png","width":740,"height":53,"caption":"Gemino, Language Services & Solutions"},"image":{"@id":"https:\/\/gemino.de\/en\/#\/schema\/logo\/image\/"}}]}},"_links":{"self":[{"href":"https:\/\/gemino.de\/en\/wp-json\/wp\/v2\/pages\/11688","targetHints":{"allow":["GET"]}}],"collection":[{"href":"https:\/\/gemino.de\/en\/wp-json\/wp\/v2\/pages"}],"about":[{"href":"https:\/\/gemino.de\/en\/wp-json\/wp\/v2\/types\/page"}],"author":[{"embeddable":true,"href":"https:\/\/gemino.de\/en\/wp-json\/wp\/v2\/users\/1"}],"replies":[{"embeddable":true,"href":"https:\/\/gemino.de\/en\/wp-json\/wp\/v2\/comments?post=11688"}],"version-history":[{"count":12,"href":"https:\/\/gemino.de\/en\/wp-json\/wp\/v2\/pages\/11688\/revisions"}],"predecessor-version":[{"id":11912,"href":"https:\/\/gemino.de\/en\/wp-json\/wp\/v2\/pages\/11688\/revisions\/11912"}],"wp:attachment":[{"href":"https:\/\/gemino.de\/en\/wp-json\/wp\/v2\/media?parent=11688"}],"curies":[{"name":"wp","href":"https:\/\/api.w.org\/{rel}","templated":true}]}}