{"id":9455,"date":"2020-11-23T22:43:04","date_gmt":"2020-11-23T21:43:04","guid":{"rendered":"https:\/\/www.multikontrast.de\/gemino\/zeiss-success-story\/"},"modified":"2024-01-12T07:56:46","modified_gmt":"2024-01-12T06:56:46","slug":"zeiss-success-story","status":"publish","type":"page","link":"https:\/\/gemino.de\/en\/zeiss-success-story\/","title":{"rendered":"Success Stories | ZEISS"},"content":{"rendered":"<h4>ZEISS Microscopy<\/h4>\n<h3>Over 60 % shorter turnaround time for marketing translations<\/h3>\n<p>Would you like to know how we were not only able to considerably reduce turnaround time, but also significantly improve the quality and consistency across documents for ZEISS Microscopy?<\/p>\n<p>Please provide us with your e-mail address, so that we can automatically send you the Success Story.<\/p>\n\n<div class=\"wpcf7 no-js\" id=\"wpcf7-f7861-o1\" lang=\"de-DE\" dir=\"ltr\" data-wpcf7-id=\"7861\">\n<div class=\"screen-reader-response\"><p role=\"status\" aria-live=\"polite\" aria-atomic=\"true\"><\/p> <ul><\/ul><\/div>\n<form action=\"\/en\/wp-json\/wp\/v2\/pages\/9455#wpcf7-f7861-o1\" method=\"post\" class=\"wpcf7-form init\" aria-label=\"Kontaktformular\" novalidate=\"novalidate\" data-status=\"init\">\n<fieldset class=\"hidden-fields-container\"><input type=\"hidden\" name=\"_wpcf7\" value=\"7861\" \/><input type=\"hidden\" name=\"_wpcf7_version\" value=\"6.1.5\" \/><input type=\"hidden\" name=\"_wpcf7_locale\" value=\"de_DE\" \/><input type=\"hidden\" name=\"_wpcf7_unit_tag\" value=\"wpcf7-f7861-o1\" \/><input type=\"hidden\" name=\"_wpcf7_container_post\" value=\"0\" \/><input type=\"hidden\" name=\"_wpcf7_posted_data_hash\" value=\"\" \/><input type=\"hidden\" name=\"_wpcf7_recaptcha_response\" value=\"\" \/>\n<\/fieldset>\n<p><label><span class=\"wpcf7-form-control-wrap\" data-name=\"your-email\"><input size=\"40\" maxlength=\"400\" class=\"wpcf7-form-control wpcf7-email wpcf7-validates-as-required wpcf7-text wpcf7-validates-as-email\" aria-required=\"true\" aria-invalid=\"false\" value=\"\" type=\"email\" name=\"your-email\" \/><\/span> <\/label><br \/>\n<input class=\"wpcf7-form-control wpcf7-submit has-spinner\" type=\"submit\" value=\"Send\" \/>\n<\/p><noscript>\n\t\t\t<div class=\"wpcf7-response-output wpcf7-spam-blocked\">Your browser does not support JavaScript!. Please enable javascript in your browser in order to get form work properly.<\/div>\n\t<\/noscript><script type='text\/javascript'>\n\n\t\t\t\t\t\tif(contactform === undefined){\n\t\t\t\t\t\t\tvar contactform = [];\n\t\t\t\t\t\t}\n\t\t\t\t\t\tvar innerVal = [7861,'mail_sent_ok','Thank you very much for your interest. The PDF document will immediately be sent to the e-mail address provided.'];\n\t\t\t\t\t\tcontactform.push(innerVal);\n\t\t\t\t\t\tvar innerVal = [7861,'mail_sent_ng','An error occurred while attempting to send the request. Please try again later.'];\n\t\t\t\t\t\tcontactform.push(innerVal);\n\t\t\t\t\t\tvar innerVal = [7861,'validation_error','One or more fields have not been filled correctly. Please check the entered data and try again.'];\n\t\t\t\t\t\tcontactform.push(innerVal);\n\t\t\t\t\t\tvar innerVal = [7861,'spam','An error occurred while attempting to send the request. Please try again later.'];\n\t\t\t\t\t\tcontactform.push(innerVal);\n\t\t\t\t\t\tvar innerVal = [7861,'accept_terms','Du musst die Bedingungen akzeptieren bevor du deine Mitteilung absendest.'];\n\t\t\t\t\t\tcontactform.push(innerVal);\n\t\t\t\t\t\tvar innerVal = [7861,'invalid_required','This is a mandatory field.'];\n\t\t\t\t\t\tcontactform.push(innerVal);\n\t\t\t\t\t\tvar innerVal = [7861,'invalid_too_long','Deine Eingabe ist zu lang.'];\n\t\t\t\t\t\tcontactform.push(innerVal);\n\t\t\t\t\t\tvar innerVal = [7861,'invalid_too_short','Deine Eingabe ist zu kurz.'];\n\t\t\t\t\t\tcontactform.push(innerVal);\n\t\t\t\t\t\tvar innerVal = [7861,'upload_failed','Beim Hochladen der Datei ist ein unbekannter Fehler aufgetreten.'];\n\t\t\t\t\t\tcontactform.push(innerVal);\n\t\t\t\t\t\tvar innerVal = [7861,'upload_file_type_invalid','Du hast nicht die Berechtigung, Dateien dieses Typs hochzuladen.'];\n\t\t\t\t\t\tcontactform.push(innerVal);\n\t\t\t\t\t\tvar innerVal = [7861,'upload_file_too_large','Die Datei ist zu gro&szlig;.'];\n\t\t\t\t\t\tcontactform.push(innerVal);\n\t\t\t\t\t\tvar innerVal = [7861,'upload_failed_php_error','Beim Hochladen der Datei ist ein Fehler aufgetreten.'];\n\t\t\t\t\t\tcontactform.push(innerVal);\n\t\t\t\t\t\tvar innerVal = [7861,'invalid_date','Das Datumsformat ist ung&uuml;ltig.'];\n\t\t\t\t\t\tcontactform.push(innerVal);\n\t\t\t\t\t\tvar innerVal = [7861,'date_too_early','Das Datum liegt vor dem ersten erlaubten Datum.'];\n\t\t\t\t\t\tcontactform.push(innerVal);\n\t\t\t\t\t\tvar innerVal = [7861,'date_too_late','Das Datum liegt nach dem letzten erlaubten Datum.'];\n\t\t\t\t\t\tcontactform.push(innerVal);\n\t\t\t\t\t\tvar innerVal = [7861,'invalid_number','Das Zahlenformat ist ung&uuml;ltig.'];\n\t\t\t\t\t\tcontactform.push(innerVal);\n\t\t\t\t\t\tvar innerVal = [7861,'number_too_small','Die Zahl ist niedriger als das erlaubte Minimum.'];\n\t\t\t\t\t\tcontactform.push(innerVal);\n\t\t\t\t\t\tvar innerVal = [7861,'number_too_large','Die Zahl ist gr&ouml;&szlig;er als das erlaubte Maximum.'];\n\t\t\t\t\t\tcontactform.push(innerVal);\n\t\t\t\t\t\tvar innerVal = [7861,'quiz_answer_not_correct','Die Antwort auf das Quiz ist falsch.'];\n\t\t\t\t\t\tcontactform.push(innerVal);\n\t\t\t\t\t\tvar innerVal = [7861,'invalid_email','The entered e-mail address is invalid.'];\n\t\t\t\t\t\tcontactform.push(innerVal);\n\t\t\t\t\t\tvar innerVal = [7861,'invalid_url','Die URL ist ung&uuml;ltig.'];\n\t\t\t\t\t\tcontactform.push(innerVal);\n\t\t\t\t\t\tvar innerVal = [7861,'invalid_tel','Die Telefonnummer ist ung&uuml;ltig.'];\n\t\t\t\t\t\tcontactform.push(innerVal);\n\t\t\t\t\t\tvar innerVal = [7861,'gdpr',''];\n\t\t\t\t\t\tcontactform.push(innerVal);\n\t\t\t\t\t\t<\/script><div class=\"wpcf7-response-output\" aria-hidden=\"true\"><\/div>\n<\/form>\n<\/div>\n\n<p><strong>Notes<\/strong><br \/>\nAfter clicking on \u201cSend\u201d, you will receive the Success Story as a PDF document via e-mail within a few seconds. <\/p>\n<p>&nbsp;<\/p>\n","protected":false},"excerpt":{"rendered":"<p>ZEISS Microscopy Over 60 % shorter turnaround time for marketing translations Would you like to know how we were not only able to considerably reduce turnaround time, but also significantly improve the quality and consistency across documents for ZEISS Microscopy? Please provide us with your e-mail address, so that we can automatically send you the&#8230; <\/p>\n<div class=\"clear\"><\/div>\n<p><a href=\"https:\/\/gemino.de\/en\/zeiss-success-story\/\" class=\"gdlr-button with-border excerpt-read-more\">Read More<\/a><\/p>\n","protected":false},"author":1,"featured_media":0,"parent":0,"menu_order":43,"comment_status":"closed","ping_status":"closed","template":"","meta":{"_acf_changed":false,"footnotes":""},"class_list":["post-9455","page","type-page","status-publish","hentry"],"acf":[],"yoast_head":"<!-- This site is optimized with the Yoast SEO plugin v27.5 - https:\/\/yoast.com\/product\/yoast-seo-wordpress\/ -->\r\n<title>Success Stories | ZEISS - Gemino, Language Services &amp; Solutions<\/title>\r\n<meta name=\"description\" content=\"Gemino zeigt in der CARL ZEISS Success Story \u00fcber 60 % k\u00fcrzere Laufzeiten bei Marketing-\u00dcbersetzungen sowie verbesserte Qualit\u00e4t und Konsistenz.\" \/>\r\n<meta name=\"robots\" content=\"index, follow, max-snippet:-1, max-image-preview:large, max-video-preview:-1\" \/>\r\n<link rel=\"canonical\" href=\"https:\/\/gemino.de\/en\/zeiss-success-story\/\" \/>\r\n<meta property=\"og:locale\" content=\"en_US\" \/>\r\n<meta property=\"og:type\" content=\"article\" \/>\r\n<meta property=\"og:title\" content=\"Success Stories | ZEISS - Gemino, Language Services &amp; Solutions\" \/>\r\n<meta property=\"og:description\" content=\"Gemino zeigt in der CARL ZEISS Success Story \u00fcber 60 % k\u00fcrzere Laufzeiten bei Marketing-\u00dcbersetzungen sowie verbesserte Qualit\u00e4t und Konsistenz.\" \/>\r\n<meta property=\"og:url\" content=\"https:\/\/gemino.de\/en\/zeiss-success-story\/\" \/>\r\n<meta property=\"og:site_name\" content=\"Gemino, Language Services &amp; Solutions\" \/>\r\n<meta property=\"article:modified_time\" content=\"2024-01-12T06:56:46+00:00\" \/>\r\n<meta name=\"twitter:card\" content=\"summary_large_image\" \/>\r\n<meta name=\"twitter:label1\" content=\"Est. reading time\" \/>\n\t<meta name=\"twitter:data1\" content=\"1 minute\" \/>\r\n<script type=\"application\/ld+json\" class=\"yoast-schema-graph\">{\"@context\":\"https:\\\/\\\/schema.org\",\"@graph\":[{\"@type\":\"WebPage\",\"@id\":\"https:\\\/\\\/gemino.de\\\/en\\\/zeiss-success-story\\\/\",\"url\":\"https:\\\/\\\/gemino.de\\\/en\\\/zeiss-success-story\\\/\",\"name\":\"Success Stories | ZEISS - Gemino, Language Services &amp; Solutions\",\"isPartOf\":{\"@id\":\"https:\\\/\\\/gemino.de\\\/en\\\/#website\"},\"datePublished\":\"2020-11-23T21:43:04+00:00\",\"dateModified\":\"2024-01-12T06:56:46+00:00\",\"description\":\"Gemino zeigt in der CARL ZEISS Success Story \u00fcber 60 % k\u00fcrzere Laufzeiten bei Marketing-\u00dcbersetzungen sowie verbesserte Qualit\u00e4t und Konsistenz.\",\"breadcrumb\":{\"@id\":\"https:\\\/\\\/gemino.de\\\/en\\\/zeiss-success-story\\\/#breadcrumb\"},\"inLanguage\":\"en-US\",\"potentialAction\":[{\"@type\":\"ReadAction\",\"target\":[\"https:\\\/\\\/gemino.de\\\/en\\\/zeiss-success-story\\\/\"]}]},{\"@type\":\"BreadcrumbList\",\"@id\":\"https:\\\/\\\/gemino.de\\\/en\\\/zeiss-success-story\\\/#breadcrumb\",\"itemListElement\":[{\"@type\":\"ListItem\",\"position\":1,\"name\":\"Startseite\",\"item\":\"https:\\\/\\\/gemino.de\\\/en\\\/\"},{\"@type\":\"ListItem\",\"position\":2,\"name\":\"Success Stories | ZEISS\"}]},{\"@type\":\"WebSite\",\"@id\":\"https:\\\/\\\/gemino.de\\\/en\\\/#website\",\"url\":\"https:\\\/\\\/gemino.de\\\/en\\\/\",\"name\":\"Gemino, Language Services &amp; Solutions\",\"description\":\"Language Services &amp; Solutions\",\"publisher\":{\"@id\":\"https:\\\/\\\/gemino.de\\\/en\\\/#organization\"},\"potentialAction\":[{\"@type\":\"SearchAction\",\"target\":{\"@type\":\"EntryPoint\",\"urlTemplate\":\"https:\\\/\\\/gemino.de\\\/en\\\/?s={search_term_string}\"},\"query-input\":{\"@type\":\"PropertyValueSpecification\",\"valueRequired\":true,\"valueName\":\"search_term_string\"}}],\"inLanguage\":\"en-US\"},{\"@type\":\"Organization\",\"@id\":\"https:\\\/\\\/gemino.de\\\/en\\\/#organization\",\"name\":\"Gemino, Language Services & Solutions\",\"url\":\"https:\\\/\\\/gemino.de\\\/en\\\/\",\"logo\":{\"@type\":\"ImageObject\",\"inLanguage\":\"en-US\",\"@id\":\"https:\\\/\\\/gemino.de\\\/en\\\/#\\\/schema\\\/logo\\\/image\\\/\",\"url\":\"https:\\\/\\\/multikontrast.de\\\/gemino\\\/wp-content\\\/uploads\\\/2015\\\/03\\\/Gemino_Logo_Claim_horizontal_BER_rgb1.png\",\"contentUrl\":\"https:\\\/\\\/multikontrast.de\\\/gemino\\\/wp-content\\\/uploads\\\/2015\\\/03\\\/Gemino_Logo_Claim_horizontal_BER_rgb1.png\",\"width\":740,\"height\":53,\"caption\":\"Gemino, Language Services & Solutions\"},\"image\":{\"@id\":\"https:\\\/\\\/gemino.de\\\/en\\\/#\\\/schema\\\/logo\\\/image\\\/\"}}]}<\/script>\r\n<!-- \/ Yoast SEO plugin. -->","yoast_head_json":{"title":"Success Stories | ZEISS - Gemino, Language Services &amp; Solutions","description":"Gemino zeigt in der CARL ZEISS Success Story \u00fcber 60 % k\u00fcrzere Laufzeiten bei Marketing-\u00dcbersetzungen sowie verbesserte Qualit\u00e4t und Konsistenz.","robots":{"index":"index","follow":"follow","max-snippet":"max-snippet:-1","max-image-preview":"max-image-preview:large","max-video-preview":"max-video-preview:-1"},"canonical":"https:\/\/gemino.de\/en\/zeiss-success-story\/","og_locale":"en_US","og_type":"article","og_title":"Success Stories | ZEISS - Gemino, Language Services &amp; Solutions","og_description":"Gemino zeigt in der CARL ZEISS Success Story \u00fcber 60 % k\u00fcrzere Laufzeiten bei Marketing-\u00dcbersetzungen sowie verbesserte Qualit\u00e4t und Konsistenz.","og_url":"https:\/\/gemino.de\/en\/zeiss-success-story\/","og_site_name":"Gemino, Language Services &amp; Solutions","article_modified_time":"2024-01-12T06:56:46+00:00","twitter_card":"summary_large_image","twitter_misc":{"Est. reading time":"1 minute"},"schema":{"@context":"https:\/\/schema.org","@graph":[{"@type":"WebPage","@id":"https:\/\/gemino.de\/en\/zeiss-success-story\/","url":"https:\/\/gemino.de\/en\/zeiss-success-story\/","name":"Success Stories | ZEISS - Gemino, Language Services &amp; Solutions","isPartOf":{"@id":"https:\/\/gemino.de\/en\/#website"},"datePublished":"2020-11-23T21:43:04+00:00","dateModified":"2024-01-12T06:56:46+00:00","description":"Gemino zeigt in der CARL ZEISS Success Story \u00fcber 60 % k\u00fcrzere Laufzeiten bei Marketing-\u00dcbersetzungen sowie verbesserte Qualit\u00e4t und Konsistenz.","breadcrumb":{"@id":"https:\/\/gemino.de\/en\/zeiss-success-story\/#breadcrumb"},"inLanguage":"en-US","potentialAction":[{"@type":"ReadAction","target":["https:\/\/gemino.de\/en\/zeiss-success-story\/"]}]},{"@type":"BreadcrumbList","@id":"https:\/\/gemino.de\/en\/zeiss-success-story\/#breadcrumb","itemListElement":[{"@type":"ListItem","position":1,"name":"Startseite","item":"https:\/\/gemino.de\/en\/"},{"@type":"ListItem","position":2,"name":"Success Stories | ZEISS"}]},{"@type":"WebSite","@id":"https:\/\/gemino.de\/en\/#website","url":"https:\/\/gemino.de\/en\/","name":"Gemino, Language Services &amp; Solutions","description":"Language Services &amp; Solutions","publisher":{"@id":"https:\/\/gemino.de\/en\/#organization"},"potentialAction":[{"@type":"SearchAction","target":{"@type":"EntryPoint","urlTemplate":"https:\/\/gemino.de\/en\/?s={search_term_string}"},"query-input":{"@type":"PropertyValueSpecification","valueRequired":true,"valueName":"search_term_string"}}],"inLanguage":"en-US"},{"@type":"Organization","@id":"https:\/\/gemino.de\/en\/#organization","name":"Gemino, Language Services & Solutions","url":"https:\/\/gemino.de\/en\/","logo":{"@type":"ImageObject","inLanguage":"en-US","@id":"https:\/\/gemino.de\/en\/#\/schema\/logo\/image\/","url":"https:\/\/multikontrast.de\/gemino\/wp-content\/uploads\/2015\/03\/Gemino_Logo_Claim_horizontal_BER_rgb1.png","contentUrl":"https:\/\/multikontrast.de\/gemino\/wp-content\/uploads\/2015\/03\/Gemino_Logo_Claim_horizontal_BER_rgb1.png","width":740,"height":53,"caption":"Gemino, Language Services & Solutions"},"image":{"@id":"https:\/\/gemino.de\/en\/#\/schema\/logo\/image\/"}}]}},"_links":{"self":[{"href":"https:\/\/gemino.de\/en\/wp-json\/wp\/v2\/pages\/9455","targetHints":{"allow":["GET"]}}],"collection":[{"href":"https:\/\/gemino.de\/en\/wp-json\/wp\/v2\/pages"}],"about":[{"href":"https:\/\/gemino.de\/en\/wp-json\/wp\/v2\/types\/page"}],"author":[{"embeddable":true,"href":"https:\/\/gemino.de\/en\/wp-json\/wp\/v2\/users\/1"}],"replies":[{"embeddable":true,"href":"https:\/\/gemino.de\/en\/wp-json\/wp\/v2\/comments?post=9455"}],"version-history":[{"count":4,"href":"https:\/\/gemino.de\/en\/wp-json\/wp\/v2\/pages\/9455\/revisions"}],"predecessor-version":[{"id":10996,"href":"https:\/\/gemino.de\/en\/wp-json\/wp\/v2\/pages\/9455\/revisions\/10996"}],"wp:attachment":[{"href":"https:\/\/gemino.de\/en\/wp-json\/wp\/v2\/media?parent=9455"}],"curies":[{"name":"wp","href":"https:\/\/api.w.org\/{rel}","templated":true}]}}